{"id":9087,"date":"2022-11-07T08:45:46","date_gmt":"2022-11-07T07:45:46","guid":{"rendered":"https:\/\/testwww.luitenfood.com\/productie-logistiek\/"},"modified":"2026-01-06T13:20:22","modified_gmt":"2026-01-06T12:20:22","slug":"production-et-logistique","status":"publish","type":"page","link":"https:\/\/luitenfood.com\/fr\/production-et-logistique\/","title":{"rendered":"Production et logistique"},"content":{"rendered":"<div class=\"paragraph\">\n<h2>PRODUCTION ET LOGISTIQUE<\/h2>\n<p>Chez Luiten Food &#8211; Thomas Foods Europe, nous faisons vraiment tout ce que nous pouvons faire nous-m\u00eames. Par exemple, nous avons notre propre zone de production o\u00f9 la viande est portionn\u00e9e. Ensuite, nous avons un d\u00e9partement d&rsquo;\u00e9tiquetage o\u00f9 les produits sont \u00e9tiquet\u00e9s afin d&rsquo;\u00eatre pr\u00eats pour nos clients. C\u00f4t\u00e9 partie logistique, nous avons le service d&rsquo;exp\u00e9dition o\u00f9 les camions sont d\u00e9charg\u00e9s et charg\u00e9s. Les produits entrants sont scann\u00e9s dans notre syst\u00e8me CSB, ce qui permet de les tracer enti\u00e8rement et de les inclure dans le stock. Chaque endroit de l&rsquo;entrep\u00f4t a un num\u00e9ro unique, ce qui facilite la recherche des produits. Pour offrir \u00e0 nos clients le plus de commodit\u00e9s possible, nous disposons de notre propre flotte de v\u00e9hicules. Cela permet d&rsquo;\u00eatre flexible. Outre notre propre flotte, nous travaillons avec des partenaires r\u00e9guliers pour le transport international. Pour les importations et les exportations internationales, nous nous occupons de tous les documents n\u00e9cessaires afin que tout se passe le mieux possible.<\/p>\n<p>&nbsp;<\/p>\n<\/div>\n","protected":false},"excerpt":{"rendered":"<p>PRODUCTION ET LOGISTIQUE Chez Luiten Food &#8211; Thomas Foods Europe, nous faisons vraiment tout ce que nous pouvons faire nous-m\u00eames. Par exemple, nous avons notre propre zone de production o\u00f9 la viande est portionn\u00e9e. Ensuite, nous avons un d\u00e9partement d&rsquo;\u00e9tiquetage o\u00f9 les produits sont \u00e9tiquet\u00e9s afin d&rsquo;\u00eatre pr\u00eats pour nos clients. C\u00f4t\u00e9 partie logistique, nous [&hellip;]<\/p>\n","protected":false},"author":10,"featured_media":11699,"parent":0,"menu_order":0,"comment_status":"closed","ping_status":"closed","template":"","meta":{"_acf_changed":false,"_improvement_type_select":"improve_an_existing","_thumb_yes_seoaic":false,"_frame_yes_seoaic":false,"seoaic_generate_description":"","seoaic_improve_instructions_prompt":"","seoaic_rollback_content_improvement":"","seoaic_idea_thumbnail_generator":"","thumbnail_generated":false,"thumbnail_generate_prompt":"","seoaic_article_description":"","footnotes":""},"class_list":["post-9087","page","type-page","status-publish","has-post-thumbnail","hentry"],"acf":[],"yoast_head":"<!-- This site is optimized with the Yoast SEO plugin v27.5 - https:\/\/yoast.com\/product\/yoast-seo-wordpress\/ -->\n<title>D\u00e9couvrez notre propre production et notre flotte de v\u00e9hicules - Luiten Food<\/title>\n<meta name=\"description\" content=\"Nous disposons de nos propres sites de production et de notre propre flotte de v\u00e9hicules, ce qui nous rend tr\u00e8s flexibles.\" \/>\n<meta name=\"robots\" content=\"index, follow, max-snippet:-1, max-image-preview:large, max-video-preview:-1\" \/>\n<link rel=\"canonical\" href=\"https:\/\/luitenfood.com\/fr\/production-et-logistique\/\" \/>\n<meta property=\"og:locale\" content=\"fr_FR\" \/>\n<meta property=\"og:type\" content=\"article\" \/>\n<meta property=\"og:title\" content=\"D\u00e9couvrez notre propre production et notre flotte de v\u00e9hicules - Luiten Food\" \/>\n<meta property=\"og:description\" content=\"Nous disposons de nos propres sites de production et de notre propre flotte de v\u00e9hicules, ce qui nous rend tr\u00e8s flexibles.\" \/>\n<meta property=\"og:url\" content=\"https:\/\/luitenfood.com\/fr\/production-et-logistique\/\" \/>\n<meta property=\"og:site_name\" content=\"Luiten Food\" \/>\n<meta property=\"article:modified_time\" content=\"2026-01-06T12:20:22+00:00\" \/>\n<meta property=\"og:image\" content=\"https:\/\/luitenfood.com\/wp-content\/uploads\/20220517LuitenFood-9341-scaled.jpg\" \/>\n\t<meta property=\"og:image:width\" content=\"2560\" \/>\n\t<meta property=\"og:image:height\" content=\"1707\" \/>\n\t<meta property=\"og:image:type\" content=\"image\/jpeg\" \/>\n<meta name=\"twitter:card\" content=\"summary_large_image\" \/>\n<meta name=\"twitter:label1\" content=\"Dur\u00e9e de lecture estim\u00e9e\" \/>\n\t<meta name=\"twitter:data1\" content=\"2 minutes\" \/>\n<script type=\"application\/ld+json\" class=\"yoast-schema-graph\">{\"@context\":\"https:\\\/\\\/schema.org\",\"@graph\":[{\"@type\":\"WebPage\",\"@id\":\"https:\\\/\\\/luitenfood.com\\\/fr\\\/production-et-logistique\\\/\",\"url\":\"https:\\\/\\\/luitenfood.com\\\/fr\\\/production-et-logistique\\\/\",\"name\":\"D\u00e9couvrez notre propre production et notre flotte de v\u00e9hicules - Luiten Food\",\"isPartOf\":{\"@id\":\"https:\\\/\\\/luitenfood.com\\\/fr\\\/#website\"},\"primaryImageOfPage\":{\"@id\":\"https:\\\/\\\/luitenfood.com\\\/fr\\\/production-et-logistique\\\/#primaryimage\"},\"image\":{\"@id\":\"https:\\\/\\\/luitenfood.com\\\/fr\\\/production-et-logistique\\\/#primaryimage\"},\"thumbnailUrl\":\"https:\\\/\\\/luitenfood.com\\\/wp-content\\\/uploads\\\/20220517LuitenFood-9341-scaled.jpg\",\"datePublished\":\"2022-11-07T07:45:46+00:00\",\"dateModified\":\"2026-01-06T12:20:22+00:00\",\"description\":\"Nous disposons de nos propres sites de production et de notre propre flotte de v\u00e9hicules, ce qui nous rend tr\u00e8s flexibles.\",\"inLanguage\":\"fr-FR\",\"potentialAction\":[{\"@type\":\"ReadAction\",\"target\":[\"https:\\\/\\\/luitenfood.com\\\/fr\\\/production-et-logistique\\\/\"]}]},{\"@type\":\"ImageObject\",\"inLanguage\":\"fr-FR\",\"@id\":\"https:\\\/\\\/luitenfood.com\\\/fr\\\/production-et-logistique\\\/#primaryimage\",\"url\":\"https:\\\/\\\/luitenfood.com\\\/wp-content\\\/uploads\\\/20220517LuitenFood-9341-scaled.jpg\",\"contentUrl\":\"https:\\\/\\\/luitenfood.com\\\/wp-content\\\/uploads\\\/20220517LuitenFood-9341-scaled.jpg\",\"width\":2560,\"height\":1707,\"caption\":\"Logistique\"},{\"@type\":\"WebSite\",\"@id\":\"https:\\\/\\\/luitenfood.com\\\/fr\\\/#website\",\"url\":\"https:\\\/\\\/luitenfood.com\\\/fr\\\/\",\"name\":\"Luiten Food\",\"description\":\"\",\"publisher\":{\"@id\":\"https:\\\/\\\/luitenfood.com\\\/fr\\\/#organization\"},\"potentialAction\":[{\"@type\":\"SearchAction\",\"target\":{\"@type\":\"EntryPoint\",\"urlTemplate\":\"https:\\\/\\\/luitenfood.com\\\/fr\\\/?s={search_term_string}\"},\"query-input\":{\"@type\":\"PropertyValueSpecification\",\"valueRequired\":true,\"valueName\":\"search_term_string\"}}],\"inLanguage\":\"fr-FR\"},{\"@type\":\"Organization\",\"@id\":\"https:\\\/\\\/luitenfood.com\\\/fr\\\/#organization\",\"name\":\"Luiten Food\",\"url\":\"https:\\\/\\\/luitenfood.com\\\/fr\\\/\",\"logo\":{\"@type\":\"ImageObject\",\"inLanguage\":\"fr-FR\",\"@id\":\"https:\\\/\\\/luitenfood.com\\\/fr\\\/#\\\/schema\\\/logo\\\/image\\\/\",\"url\":\"https:\\\/\\\/luitenfood.com\\\/wp-content\\\/uploads\\\/logo.svg\",\"contentUrl\":\"https:\\\/\\\/luitenfood.com\\\/wp-content\\\/uploads\\\/logo.svg\",\"width\":238,\"height\":90,\"caption\":\"Luiten Food\"},\"image\":{\"@id\":\"https:\\\/\\\/luitenfood.com\\\/fr\\\/#\\\/schema\\\/logo\\\/image\\\/\"}}]}<\/script>\n<!-- \/ Yoast SEO plugin. -->","yoast_head_json":{"title":"D\u00e9couvrez notre propre production et notre flotte de v\u00e9hicules - Luiten Food","description":"Nous disposons de nos propres sites de production et de notre propre flotte de v\u00e9hicules, ce qui nous rend tr\u00e8s flexibles.","robots":{"index":"index","follow":"follow","max-snippet":"max-snippet:-1","max-image-preview":"max-image-preview:large","max-video-preview":"max-video-preview:-1"},"canonical":"https:\/\/luitenfood.com\/fr\/production-et-logistique\/","og_locale":"fr_FR","og_type":"article","og_title":"D\u00e9couvrez notre propre production et notre flotte de v\u00e9hicules - Luiten Food","og_description":"Nous disposons de nos propres sites de production et de notre propre flotte de v\u00e9hicules, ce qui nous rend tr\u00e8s flexibles.","og_url":"https:\/\/luitenfood.com\/fr\/production-et-logistique\/","og_site_name":"Luiten Food","article_modified_time":"2026-01-06T12:20:22+00:00","og_image":[{"width":2560,"height":1707,"url":"https:\/\/luitenfood.com\/wp-content\/uploads\/20220517LuitenFood-9341-scaled.jpg","type":"image\/jpeg"}],"twitter_card":"summary_large_image","twitter_misc":{"Dur\u00e9e de lecture estim\u00e9e":"2 minutes"},"schema":{"@context":"https:\/\/schema.org","@graph":[{"@type":"WebPage","@id":"https:\/\/luitenfood.com\/fr\/production-et-logistique\/","url":"https:\/\/luitenfood.com\/fr\/production-et-logistique\/","name":"D\u00e9couvrez notre propre production et notre flotte de v\u00e9hicules - Luiten Food","isPartOf":{"@id":"https:\/\/luitenfood.com\/fr\/#website"},"primaryImageOfPage":{"@id":"https:\/\/luitenfood.com\/fr\/production-et-logistique\/#primaryimage"},"image":{"@id":"https:\/\/luitenfood.com\/fr\/production-et-logistique\/#primaryimage"},"thumbnailUrl":"https:\/\/luitenfood.com\/wp-content\/uploads\/20220517LuitenFood-9341-scaled.jpg","datePublished":"2022-11-07T07:45:46+00:00","dateModified":"2026-01-06T12:20:22+00:00","description":"Nous disposons de nos propres sites de production et de notre propre flotte de v\u00e9hicules, ce qui nous rend tr\u00e8s flexibles.","inLanguage":"fr-FR","potentialAction":[{"@type":"ReadAction","target":["https:\/\/luitenfood.com\/fr\/production-et-logistique\/"]}]},{"@type":"ImageObject","inLanguage":"fr-FR","@id":"https:\/\/luitenfood.com\/fr\/production-et-logistique\/#primaryimage","url":"https:\/\/luitenfood.com\/wp-content\/uploads\/20220517LuitenFood-9341-scaled.jpg","contentUrl":"https:\/\/luitenfood.com\/wp-content\/uploads\/20220517LuitenFood-9341-scaled.jpg","width":2560,"height":1707,"caption":"Logistique"},{"@type":"WebSite","@id":"https:\/\/luitenfood.com\/fr\/#website","url":"https:\/\/luitenfood.com\/fr\/","name":"Luiten Food","description":"","publisher":{"@id":"https:\/\/luitenfood.com\/fr\/#organization"},"potentialAction":[{"@type":"SearchAction","target":{"@type":"EntryPoint","urlTemplate":"https:\/\/luitenfood.com\/fr\/?s={search_term_string}"},"query-input":{"@type":"PropertyValueSpecification","valueRequired":true,"valueName":"search_term_string"}}],"inLanguage":"fr-FR"},{"@type":"Organization","@id":"https:\/\/luitenfood.com\/fr\/#organization","name":"Luiten Food","url":"https:\/\/luitenfood.com\/fr\/","logo":{"@type":"ImageObject","inLanguage":"fr-FR","@id":"https:\/\/luitenfood.com\/fr\/#\/schema\/logo\/image\/","url":"https:\/\/luitenfood.com\/wp-content\/uploads\/logo.svg","contentUrl":"https:\/\/luitenfood.com\/wp-content\/uploads\/logo.svg","width":238,"height":90,"caption":"Luiten Food"},"image":{"@id":"https:\/\/luitenfood.com\/fr\/#\/schema\/logo\/image\/"}}]}},"_links":{"self":[{"href":"https:\/\/luitenfood.com\/fr\/wp-json\/wp\/v2\/pages\/9087","targetHints":{"allow":["GET"]}}],"collection":[{"href":"https:\/\/luitenfood.com\/fr\/wp-json\/wp\/v2\/pages"}],"about":[{"href":"https:\/\/luitenfood.com\/fr\/wp-json\/wp\/v2\/types\/page"}],"author":[{"embeddable":true,"href":"https:\/\/luitenfood.com\/fr\/wp-json\/wp\/v2\/users\/10"}],"replies":[{"embeddable":true,"href":"https:\/\/luitenfood.com\/fr\/wp-json\/wp\/v2\/comments?post=9087"}],"version-history":[{"count":5,"href":"https:\/\/luitenfood.com\/fr\/wp-json\/wp\/v2\/pages\/9087\/revisions"}],"predecessor-version":[{"id":15909,"href":"https:\/\/luitenfood.com\/fr\/wp-json\/wp\/v2\/pages\/9087\/revisions\/15909"}],"wp:featuredmedia":[{"embeddable":true,"href":"https:\/\/luitenfood.com\/fr\/wp-json\/wp\/v2\/media\/11699"}],"wp:attachment":[{"href":"https:\/\/luitenfood.com\/fr\/wp-json\/wp\/v2\/media?parent=9087"}],"curies":[{"name":"wp","href":"https:\/\/api.w.org\/{rel}","templated":true}]}}