{"id":9068,"date":"2022-08-17T14:58:30","date_gmt":"2022-08-17T12:58:30","guid":{"rendered":"https:\/\/testwww.luitenfood.com\/a-propos-de-nous\/team\/"},"modified":"2023-05-23T12:03:17","modified_gmt":"2023-05-23T10:03:17","slug":"equipe","status":"publish","type":"page","link":"https:\/\/luitenfood.com\/fr\/a-propos-de-nous\/equipe\/","title":{"rendered":"\u00c9quipe"},"content":{"rendered":"<h1>NOTRE \u00c9QUIPE<\/h1>\n<p>En tant que Luiten Food &#8211; Thomas Foods Europe, nous gardons constamment \u00e0 l&rsquo;esprit la relation \u00e0 long terme. Nous tirons satisfaction de l&rsquo;\u00e9tablissement de relations durables avec nos clients et nos producteurs. Quelle que soit la personne avec laquelle nous traitons, client, producteur ou coll\u00e8gue, nous tenons nos promesses et restons toujours transparents.<\/p>\n<p>En outre, nous aimons prendre soin de nos collaborateurs. Nous pr\u00e9f\u00e9rons les vrais partenaires qui sont l\u00e0 pour nous. Des personnes sur lesquelles nous pouvons compter. Luiten Food &#8211; Thomas Foods Europe emploie actuellement quelque 120 collaborateurs passionn\u00e9s qui s&rsquo;engagent \u00e0 faire la diff\u00e9rence chaque jour. Beaucoup d&rsquo;entre eux sont en poste depuis longtemps et ont une solide expertise. Connaissance du produit, du client et des processus. Sans nos collaborateurs, nous ne pouvons exceller. C&rsquo;est pourquoi nous sommes tr\u00e8s attentifs \u00e0 nos collaborateurs et ch\u00e9rissons notre culture d&rsquo;entreprise : un march\u00e9 est un march\u00e9. Nous remportons des succ\u00e8s ensemble et relevons des d\u00e9fis ensemble. Et surtout : nous ne rentrons pas chez nous tant que le client n&rsquo;est pas satisfait.<\/p>\n","protected":false},"excerpt":{"rendered":"<p>NOTRE \u00c9QUIPE En tant que Luiten Food &#8211; Thomas Foods Europe, nous gardons constamment \u00e0 l&rsquo;esprit la relation \u00e0 long terme. Nous tirons satisfaction de l&rsquo;\u00e9tablissement de relations durables avec nos clients et nos producteurs. Quelle que soit la personne avec laquelle nous traitons, client, producteur ou coll\u00e8gue, nous tenons nos promesses et restons toujours [&hellip;]<\/p>\n","protected":false},"author":2,"featured_media":0,"parent":9036,"menu_order":0,"comment_status":"closed","ping_status":"closed","template":"page-tpl-team.php","meta":{"_acf_changed":false,"_improvement_type_select":"improve_an_existing","_thumb_yes_seoaic":false,"_frame_yes_seoaic":false,"seoaic_generate_description":"","seoaic_improve_instructions_prompt":"","seoaic_rollback_content_improvement":"","seoaic_idea_thumbnail_generator":"","thumbnail_generated":false,"thumbnail_generate_prompt":"","seoaic_article_description":"","footnotes":""},"class_list":["post-9068","page","type-page","status-publish","hentry"],"acf":[],"yoast_head":"<!-- This site is optimized with the Yoast SEO plugin v27.5 - https:\/\/yoast.com\/product\/yoast-seo-wordpress\/ -->\n<title>Rencontrez notre \u00e9quipe - Luiten Food<\/title>\n<meta name=\"description\" content=\"Avec plus de 100 collaborateurs passionn\u00e9s, nous nous distinguons encore chaque jour gr\u00e2ce \u00e0 notre savoir-faire!\" \/>\n<meta name=\"robots\" content=\"index, follow, max-snippet:-1, max-image-preview:large, max-video-preview:-1\" \/>\n<link rel=\"canonical\" href=\"https:\/\/luitenfood.com\/fr\/a-propos-de-nous\/equipe\/\" \/>\n<meta property=\"og:locale\" content=\"fr_FR\" \/>\n<meta property=\"og:type\" content=\"article\" \/>\n<meta property=\"og:title\" content=\"Rencontrez notre \u00e9quipe - Luiten Food\" \/>\n<meta property=\"og:description\" content=\"Avec plus de 100 collaborateurs passionn\u00e9s, nous nous distinguons encore chaque jour gr\u00e2ce \u00e0 notre savoir-faire!\" \/>\n<meta property=\"og:url\" content=\"https:\/\/luitenfood.com\/fr\/a-propos-de-nous\/equipe\/\" \/>\n<meta property=\"og:site_name\" content=\"Luiten Food\" \/>\n<meta property=\"article:modified_time\" content=\"2023-05-23T10:03:17+00:00\" \/>\n<meta name=\"twitter:card\" content=\"summary_large_image\" \/>\n<meta name=\"twitter:label1\" content=\"Dur\u00e9e de lecture estim\u00e9e\" \/>\n\t<meta name=\"twitter:data1\" content=\"1 minute\" \/>\n<script type=\"application\/ld+json\" class=\"yoast-schema-graph\">{\"@context\":\"https:\\\/\\\/schema.org\",\"@graph\":[{\"@type\":\"WebPage\",\"@id\":\"https:\\\/\\\/luitenfood.com\\\/fr\\\/a-propos-de-nous\\\/equipe\\\/\",\"url\":\"https:\\\/\\\/luitenfood.com\\\/fr\\\/a-propos-de-nous\\\/equipe\\\/\",\"name\":\"Rencontrez notre \u00e9quipe - Luiten Food\",\"isPartOf\":{\"@id\":\"https:\\\/\\\/luitenfood.com\\\/fr\\\/#website\"},\"datePublished\":\"2022-08-17T12:58:30+00:00\",\"dateModified\":\"2023-05-23T10:03:17+00:00\",\"description\":\"Avec plus de 100 collaborateurs passionn\u00e9s, nous nous distinguons encore chaque jour gr\u00e2ce \u00e0 notre savoir-faire!\",\"breadcrumb\":{\"@id\":\"https:\\\/\\\/luitenfood.com\\\/fr\\\/a-propos-de-nous\\\/equipe\\\/#breadcrumb\"},\"inLanguage\":\"fr-FR\",\"potentialAction\":[{\"@type\":\"ReadAction\",\"target\":[\"https:\\\/\\\/luitenfood.com\\\/fr\\\/a-propos-de-nous\\\/equipe\\\/\"]}]},{\"@type\":\"BreadcrumbList\",\"@id\":\"https:\\\/\\\/luitenfood.com\\\/fr\\\/a-propos-de-nous\\\/equipe\\\/#breadcrumb\",\"itemListElement\":[{\"@type\":\"ListItem\",\"position\":1,\"name\":\"\u00c0 propos de nous\",\"item\":\"https:\\\/\\\/luitenfood.com\\\/fr\\\/a-propos-de-nous\\\/\"},{\"@type\":\"ListItem\",\"position\":2,\"name\":\"\u00c9quipe\"}]},{\"@type\":\"WebSite\",\"@id\":\"https:\\\/\\\/luitenfood.com\\\/fr\\\/#website\",\"url\":\"https:\\\/\\\/luitenfood.com\\\/fr\\\/\",\"name\":\"Luiten Food\",\"description\":\"\",\"publisher\":{\"@id\":\"https:\\\/\\\/luitenfood.com\\\/fr\\\/#organization\"},\"potentialAction\":[{\"@type\":\"SearchAction\",\"target\":{\"@type\":\"EntryPoint\",\"urlTemplate\":\"https:\\\/\\\/luitenfood.com\\\/fr\\\/?s={search_term_string}\"},\"query-input\":{\"@type\":\"PropertyValueSpecification\",\"valueRequired\":true,\"valueName\":\"search_term_string\"}}],\"inLanguage\":\"fr-FR\"},{\"@type\":\"Organization\",\"@id\":\"https:\\\/\\\/luitenfood.com\\\/fr\\\/#organization\",\"name\":\"Luiten Food\",\"url\":\"https:\\\/\\\/luitenfood.com\\\/fr\\\/\",\"logo\":{\"@type\":\"ImageObject\",\"inLanguage\":\"fr-FR\",\"@id\":\"https:\\\/\\\/luitenfood.com\\\/fr\\\/#\\\/schema\\\/logo\\\/image\\\/\",\"url\":\"https:\\\/\\\/luitenfood.com\\\/wp-content\\\/uploads\\\/logo.svg\",\"contentUrl\":\"https:\\\/\\\/luitenfood.com\\\/wp-content\\\/uploads\\\/logo.svg\",\"width\":238,\"height\":90,\"caption\":\"Luiten Food\"},\"image\":{\"@id\":\"https:\\\/\\\/luitenfood.com\\\/fr\\\/#\\\/schema\\\/logo\\\/image\\\/\"}}]}<\/script>\n<!-- \/ Yoast SEO plugin. -->","yoast_head_json":{"title":"Rencontrez notre \u00e9quipe - Luiten Food","description":"Avec plus de 100 collaborateurs passionn\u00e9s, nous nous distinguons encore chaque jour gr\u00e2ce \u00e0 notre savoir-faire!","robots":{"index":"index","follow":"follow","max-snippet":"max-snippet:-1","max-image-preview":"max-image-preview:large","max-video-preview":"max-video-preview:-1"},"canonical":"https:\/\/luitenfood.com\/fr\/a-propos-de-nous\/equipe\/","og_locale":"fr_FR","og_type":"article","og_title":"Rencontrez notre \u00e9quipe - Luiten Food","og_description":"Avec plus de 100 collaborateurs passionn\u00e9s, nous nous distinguons encore chaque jour gr\u00e2ce \u00e0 notre savoir-faire!","og_url":"https:\/\/luitenfood.com\/fr\/a-propos-de-nous\/equipe\/","og_site_name":"Luiten Food","article_modified_time":"2023-05-23T10:03:17+00:00","twitter_card":"summary_large_image","twitter_misc":{"Dur\u00e9e de lecture estim\u00e9e":"1 minute"},"schema":{"@context":"https:\/\/schema.org","@graph":[{"@type":"WebPage","@id":"https:\/\/luitenfood.com\/fr\/a-propos-de-nous\/equipe\/","url":"https:\/\/luitenfood.com\/fr\/a-propos-de-nous\/equipe\/","name":"Rencontrez notre \u00e9quipe - Luiten Food","isPartOf":{"@id":"https:\/\/luitenfood.com\/fr\/#website"},"datePublished":"2022-08-17T12:58:30+00:00","dateModified":"2023-05-23T10:03:17+00:00","description":"Avec plus de 100 collaborateurs passionn\u00e9s, nous nous distinguons encore chaque jour gr\u00e2ce \u00e0 notre savoir-faire!","breadcrumb":{"@id":"https:\/\/luitenfood.com\/fr\/a-propos-de-nous\/equipe\/#breadcrumb"},"inLanguage":"fr-FR","potentialAction":[{"@type":"ReadAction","target":["https:\/\/luitenfood.com\/fr\/a-propos-de-nous\/equipe\/"]}]},{"@type":"BreadcrumbList","@id":"https:\/\/luitenfood.com\/fr\/a-propos-de-nous\/equipe\/#breadcrumb","itemListElement":[{"@type":"ListItem","position":1,"name":"\u00c0 propos de nous","item":"https:\/\/luitenfood.com\/fr\/a-propos-de-nous\/"},{"@type":"ListItem","position":2,"name":"\u00c9quipe"}]},{"@type":"WebSite","@id":"https:\/\/luitenfood.com\/fr\/#website","url":"https:\/\/luitenfood.com\/fr\/","name":"Luiten Food","description":"","publisher":{"@id":"https:\/\/luitenfood.com\/fr\/#organization"},"potentialAction":[{"@type":"SearchAction","target":{"@type":"EntryPoint","urlTemplate":"https:\/\/luitenfood.com\/fr\/?s={search_term_string}"},"query-input":{"@type":"PropertyValueSpecification","valueRequired":true,"valueName":"search_term_string"}}],"inLanguage":"fr-FR"},{"@type":"Organization","@id":"https:\/\/luitenfood.com\/fr\/#organization","name":"Luiten Food","url":"https:\/\/luitenfood.com\/fr\/","logo":{"@type":"ImageObject","inLanguage":"fr-FR","@id":"https:\/\/luitenfood.com\/fr\/#\/schema\/logo\/image\/","url":"https:\/\/luitenfood.com\/wp-content\/uploads\/logo.svg","contentUrl":"https:\/\/luitenfood.com\/wp-content\/uploads\/logo.svg","width":238,"height":90,"caption":"Luiten Food"},"image":{"@id":"https:\/\/luitenfood.com\/fr\/#\/schema\/logo\/image\/"}}]}},"_links":{"self":[{"href":"https:\/\/luitenfood.com\/fr\/wp-json\/wp\/v2\/pages\/9068","targetHints":{"allow":["GET"]}}],"collection":[{"href":"https:\/\/luitenfood.com\/fr\/wp-json\/wp\/v2\/pages"}],"about":[{"href":"https:\/\/luitenfood.com\/fr\/wp-json\/wp\/v2\/types\/page"}],"author":[{"embeddable":true,"href":"https:\/\/luitenfood.com\/fr\/wp-json\/wp\/v2\/users\/2"}],"replies":[{"embeddable":true,"href":"https:\/\/luitenfood.com\/fr\/wp-json\/wp\/v2\/comments?post=9068"}],"version-history":[{"count":1,"href":"https:\/\/luitenfood.com\/fr\/wp-json\/wp\/v2\/pages\/9068\/revisions"}],"predecessor-version":[{"id":11188,"href":"https:\/\/luitenfood.com\/fr\/wp-json\/wp\/v2\/pages\/9068\/revisions\/11188"}],"up":[{"embeddable":true,"href":"https:\/\/luitenfood.com\/fr\/wp-json\/wp\/v2\/pages\/9036"}],"wp:attachment":[{"href":"https:\/\/luitenfood.com\/fr\/wp-json\/wp\/v2\/media?parent=9068"}],"curies":[{"name":"wp","href":"https:\/\/api.w.org\/{rel}","templated":true}]}}