{"id":9048,"date":"2022-11-16T12:32:58","date_gmt":"2022-11-16T11:32:58","guid":{"rendered":"https:\/\/testwww.luitenfood.com\/a-propos-de-nous\/duurzame-energie\/"},"modified":"2023-03-15T14:19:07","modified_gmt":"2023-03-15T13:19:07","slug":"energies-renouvelables","status":"publish","type":"page","link":"https:\/\/luitenfood.com\/fr\/a-propos-de-nous\/energies-renouvelables\/","title":{"rendered":"\u00c9nergies renouvelables"},"content":{"rendered":"<h2>\u00c9NERGIES RENOUVELABLES ET TRANSPORTS<\/h2>\n<p>Les \u00e9missions de CO<sub>2<\/sub>\u00a0et leur r\u00e9duction sont la question de durabilit\u00e9 la plus discut\u00e9e dans le monde. Dans l&rsquo;optique d&rsquo;une soci\u00e9t\u00e9 sans fossile d&rsquo;ici 2050, tout le monde \u00e9tudie les moyens de passer \u00e0 des sources d&rsquo;\u00e9nergie 100 % renouvelables. Chez Luiten Food &#8211; Thomas Foods Europe, nous nous effor\u00e7ons \u00e9galement de rendre notre mix \u00e9nerg\u00e9tique plus durable.<\/p>\n<p>Les panneaux solaires sont l&rsquo;investissement le plus visible que nous ayons fait derni\u00e8rement. De plus, nos locaux modernes dot\u00e9s de l&rsquo;\u00e9tiquette \u00e9nerg\u00e9tique A nous permettent d&rsquo;acheter moins d&rsquo;\u00e9lectricit\u00e9 grise, ce qui r\u00e9duit nos \u00e9missions de CO<sub>2<\/sub>. Les panneaux solaires ont \u00e9t\u00e9 install\u00e9s par phases et partiellement mis en service en 2019 et 2021. En cons\u00e9quence, le nombre de panneaux solaires s&rsquo;\u00e9l\u00e8ve d\u00e9sormais \u00e0 environ 1 750 unit\u00e9s.<\/p>\n<p>Notre transport est le deuxi\u00e8me plus grand contributeur \u00e0 notre consommation de CO<sub>2<\/sub>\u00a0apr\u00e8s l&rsquo;\u00e9nergie achet\u00e9e. Pour nos propres transports, nous sommes actuellement \u00e0 la recherche de solutions pour r\u00e9duire nos \u00e9missions. Nous \u00e9tudions actuellement les options suivantes : le carburant HVO100, l&rsquo;\u00e9lectrique et l&rsquo;hydrog\u00e8ne. Les camions \u00e9lectriques et \u00e0 hydrog\u00e8ne ne peuvent pas \u00eatre d\u00e9ploy\u00e9s dans la pratique pour le moment. Des tests ont \u00e9t\u00e9 r\u00e9alis\u00e9s avec le HVO100 et cela fait partie des possibilit\u00e9s pour l&rsquo;avenir.<\/p>\n","protected":false},"excerpt":{"rendered":"<p>\u00c9NERGIES RENOUVELABLES ET TRANSPORTS Les \u00e9missions de CO2\u00a0et leur r\u00e9duction sont la question de durabilit\u00e9 la plus discut\u00e9e dans le monde. Dans l&rsquo;optique d&rsquo;une soci\u00e9t\u00e9 sans fossile d&rsquo;ici 2050, tout le monde \u00e9tudie les moyens de passer \u00e0 des sources d&rsquo;\u00e9nergie 100 % renouvelables. Chez Luiten Food &#8211; Thomas Foods Europe, nous nous effor\u00e7ons \u00e9galement [&hellip;]<\/p>\n","protected":false},"author":10,"featured_media":0,"parent":9036,"menu_order":0,"comment_status":"closed","ping_status":"closed","template":"","meta":{"_acf_changed":false,"_improvement_type_select":"improve_an_existing","_thumb_yes_seoaic":false,"_frame_yes_seoaic":false,"seoaic_generate_description":"","seoaic_improve_instructions_prompt":"","seoaic_rollback_content_improvement":"","seoaic_idea_thumbnail_generator":"","thumbnail_generated":false,"thumbnail_generate_prompt":"","seoaic_article_description":"","footnotes":""},"class_list":["post-9048","page","type-page","status-publish","hentry"],"acf":[],"yoast_head":"<!-- This site is optimized with the Yoast SEO plugin v27.5 - https:\/\/yoast.com\/product\/yoast-seo-wordpress\/ -->\n<title>\u00c9nergies renouvelables - Luiten Food<\/title>\n<meta name=\"description\" content=\"Nous nous effor\u00e7ons de rendre notre bouquet \u00e9nerg\u00e9tique plus durable, dans l&#039;optique d&#039;une soci\u00e9t\u00e9 libre d&#039;\u00e9nergie fossile d&#039;ici 2050.\" \/>\n<meta name=\"robots\" content=\"index, follow, max-snippet:-1, max-image-preview:large, max-video-preview:-1\" \/>\n<link rel=\"canonical\" href=\"https:\/\/luitenfood.com\/fr\/a-propos-de-nous\/energies-renouvelables\/\" \/>\n<meta property=\"og:locale\" content=\"fr_FR\" \/>\n<meta property=\"og:type\" content=\"article\" \/>\n<meta property=\"og:title\" content=\"\u00c9nergies renouvelables - Luiten Food\" \/>\n<meta property=\"og:description\" content=\"Nous nous effor\u00e7ons de rendre notre bouquet \u00e9nerg\u00e9tique plus durable, dans l&#039;optique d&#039;une soci\u00e9t\u00e9 libre d&#039;\u00e9nergie fossile d&#039;ici 2050.\" \/>\n<meta property=\"og:url\" content=\"https:\/\/luitenfood.com\/fr\/a-propos-de-nous\/energies-renouvelables\/\" \/>\n<meta property=\"og:site_name\" content=\"Luiten Food\" \/>\n<meta property=\"article:modified_time\" content=\"2023-03-15T13:19:07+00:00\" \/>\n<meta name=\"twitter:card\" content=\"summary_large_image\" \/>\n<meta name=\"twitter:label1\" content=\"Dur\u00e9e de lecture estim\u00e9e\" \/>\n\t<meta name=\"twitter:data1\" content=\"2 minutes\" \/>\n<script type=\"application\/ld+json\" class=\"yoast-schema-graph\">{\"@context\":\"https:\\\/\\\/schema.org\",\"@graph\":[{\"@type\":\"WebPage\",\"@id\":\"https:\\\/\\\/luitenfood.com\\\/fr\\\/a-propos-de-nous\\\/energies-renouvelables\\\/\",\"url\":\"https:\\\/\\\/luitenfood.com\\\/fr\\\/a-propos-de-nous\\\/energies-renouvelables\\\/\",\"name\":\"\u00c9nergies renouvelables - Luiten Food\",\"isPartOf\":{\"@id\":\"https:\\\/\\\/luitenfood.com\\\/fr\\\/#website\"},\"datePublished\":\"2022-11-16T11:32:58+00:00\",\"dateModified\":\"2023-03-15T13:19:07+00:00\",\"description\":\"Nous nous effor\u00e7ons de rendre notre bouquet \u00e9nerg\u00e9tique plus durable, dans l'optique d'une soci\u00e9t\u00e9 libre d'\u00e9nergie fossile d'ici 2050.\",\"breadcrumb\":{\"@id\":\"https:\\\/\\\/luitenfood.com\\\/fr\\\/a-propos-de-nous\\\/energies-renouvelables\\\/#breadcrumb\"},\"inLanguage\":\"fr-FR\",\"potentialAction\":[{\"@type\":\"ReadAction\",\"target\":[\"https:\\\/\\\/luitenfood.com\\\/fr\\\/a-propos-de-nous\\\/energies-renouvelables\\\/\"]}]},{\"@type\":\"BreadcrumbList\",\"@id\":\"https:\\\/\\\/luitenfood.com\\\/fr\\\/a-propos-de-nous\\\/energies-renouvelables\\\/#breadcrumb\",\"itemListElement\":[{\"@type\":\"ListItem\",\"position\":1,\"name\":\"\u00c0 propos de nous\",\"item\":\"https:\\\/\\\/luitenfood.com\\\/fr\\\/a-propos-de-nous\\\/\"},{\"@type\":\"ListItem\",\"position\":2,\"name\":\"\u00c9nergies renouvelables\"}]},{\"@type\":\"WebSite\",\"@id\":\"https:\\\/\\\/luitenfood.com\\\/fr\\\/#website\",\"url\":\"https:\\\/\\\/luitenfood.com\\\/fr\\\/\",\"name\":\"Luiten Food\",\"description\":\"\",\"publisher\":{\"@id\":\"https:\\\/\\\/luitenfood.com\\\/fr\\\/#organization\"},\"potentialAction\":[{\"@type\":\"SearchAction\",\"target\":{\"@type\":\"EntryPoint\",\"urlTemplate\":\"https:\\\/\\\/luitenfood.com\\\/fr\\\/?s={search_term_string}\"},\"query-input\":{\"@type\":\"PropertyValueSpecification\",\"valueRequired\":true,\"valueName\":\"search_term_string\"}}],\"inLanguage\":\"fr-FR\"},{\"@type\":\"Organization\",\"@id\":\"https:\\\/\\\/luitenfood.com\\\/fr\\\/#organization\",\"name\":\"Luiten Food\",\"url\":\"https:\\\/\\\/luitenfood.com\\\/fr\\\/\",\"logo\":{\"@type\":\"ImageObject\",\"inLanguage\":\"fr-FR\",\"@id\":\"https:\\\/\\\/luitenfood.com\\\/fr\\\/#\\\/schema\\\/logo\\\/image\\\/\",\"url\":\"https:\\\/\\\/luitenfood.com\\\/wp-content\\\/uploads\\\/logo.svg\",\"contentUrl\":\"https:\\\/\\\/luitenfood.com\\\/wp-content\\\/uploads\\\/logo.svg\",\"width\":238,\"height\":90,\"caption\":\"Luiten Food\"},\"image\":{\"@id\":\"https:\\\/\\\/luitenfood.com\\\/fr\\\/#\\\/schema\\\/logo\\\/image\\\/\"}}]}<\/script>\n<!-- \/ Yoast SEO plugin. -->","yoast_head_json":{"title":"\u00c9nergies renouvelables - Luiten Food","description":"Nous nous effor\u00e7ons de rendre notre bouquet \u00e9nerg\u00e9tique plus durable, dans l'optique d'une soci\u00e9t\u00e9 libre d'\u00e9nergie fossile d'ici 2050.","robots":{"index":"index","follow":"follow","max-snippet":"max-snippet:-1","max-image-preview":"max-image-preview:large","max-video-preview":"max-video-preview:-1"},"canonical":"https:\/\/luitenfood.com\/fr\/a-propos-de-nous\/energies-renouvelables\/","og_locale":"fr_FR","og_type":"article","og_title":"\u00c9nergies renouvelables - Luiten Food","og_description":"Nous nous effor\u00e7ons de rendre notre bouquet \u00e9nerg\u00e9tique plus durable, dans l'optique d'une soci\u00e9t\u00e9 libre d'\u00e9nergie fossile d'ici 2050.","og_url":"https:\/\/luitenfood.com\/fr\/a-propos-de-nous\/energies-renouvelables\/","og_site_name":"Luiten Food","article_modified_time":"2023-03-15T13:19:07+00:00","twitter_card":"summary_large_image","twitter_misc":{"Dur\u00e9e de lecture estim\u00e9e":"2 minutes"},"schema":{"@context":"https:\/\/schema.org","@graph":[{"@type":"WebPage","@id":"https:\/\/luitenfood.com\/fr\/a-propos-de-nous\/energies-renouvelables\/","url":"https:\/\/luitenfood.com\/fr\/a-propos-de-nous\/energies-renouvelables\/","name":"\u00c9nergies renouvelables - Luiten Food","isPartOf":{"@id":"https:\/\/luitenfood.com\/fr\/#website"},"datePublished":"2022-11-16T11:32:58+00:00","dateModified":"2023-03-15T13:19:07+00:00","description":"Nous nous effor\u00e7ons de rendre notre bouquet \u00e9nerg\u00e9tique plus durable, dans l'optique d'une soci\u00e9t\u00e9 libre d'\u00e9nergie fossile d'ici 2050.","breadcrumb":{"@id":"https:\/\/luitenfood.com\/fr\/a-propos-de-nous\/energies-renouvelables\/#breadcrumb"},"inLanguage":"fr-FR","potentialAction":[{"@type":"ReadAction","target":["https:\/\/luitenfood.com\/fr\/a-propos-de-nous\/energies-renouvelables\/"]}]},{"@type":"BreadcrumbList","@id":"https:\/\/luitenfood.com\/fr\/a-propos-de-nous\/energies-renouvelables\/#breadcrumb","itemListElement":[{"@type":"ListItem","position":1,"name":"\u00c0 propos de nous","item":"https:\/\/luitenfood.com\/fr\/a-propos-de-nous\/"},{"@type":"ListItem","position":2,"name":"\u00c9nergies renouvelables"}]},{"@type":"WebSite","@id":"https:\/\/luitenfood.com\/fr\/#website","url":"https:\/\/luitenfood.com\/fr\/","name":"Luiten Food","description":"","publisher":{"@id":"https:\/\/luitenfood.com\/fr\/#organization"},"potentialAction":[{"@type":"SearchAction","target":{"@type":"EntryPoint","urlTemplate":"https:\/\/luitenfood.com\/fr\/?s={search_term_string}"},"query-input":{"@type":"PropertyValueSpecification","valueRequired":true,"valueName":"search_term_string"}}],"inLanguage":"fr-FR"},{"@type":"Organization","@id":"https:\/\/luitenfood.com\/fr\/#organization","name":"Luiten Food","url":"https:\/\/luitenfood.com\/fr\/","logo":{"@type":"ImageObject","inLanguage":"fr-FR","@id":"https:\/\/luitenfood.com\/fr\/#\/schema\/logo\/image\/","url":"https:\/\/luitenfood.com\/wp-content\/uploads\/logo.svg","contentUrl":"https:\/\/luitenfood.com\/wp-content\/uploads\/logo.svg","width":238,"height":90,"caption":"Luiten Food"},"image":{"@id":"https:\/\/luitenfood.com\/fr\/#\/schema\/logo\/image\/"}}]}},"_links":{"self":[{"href":"https:\/\/luitenfood.com\/fr\/wp-json\/wp\/v2\/pages\/9048","targetHints":{"allow":["GET"]}}],"collection":[{"href":"https:\/\/luitenfood.com\/fr\/wp-json\/wp\/v2\/pages"}],"about":[{"href":"https:\/\/luitenfood.com\/fr\/wp-json\/wp\/v2\/types\/page"}],"author":[{"embeddable":true,"href":"https:\/\/luitenfood.com\/fr\/wp-json\/wp\/v2\/users\/10"}],"replies":[{"embeddable":true,"href":"https:\/\/luitenfood.com\/fr\/wp-json\/wp\/v2\/comments?post=9048"}],"version-history":[{"count":0,"href":"https:\/\/luitenfood.com\/fr\/wp-json\/wp\/v2\/pages\/9048\/revisions"}],"up":[{"embeddable":true,"href":"https:\/\/luitenfood.com\/fr\/wp-json\/wp\/v2\/pages\/9036"}],"wp:attachment":[{"href":"https:\/\/luitenfood.com\/fr\/wp-json\/wp\/v2\/media?parent=9048"}],"curies":[{"name":"wp","href":"https:\/\/api.w.org\/{rel}","templated":true}]}}